{"id":1014,"date":"2011-12-16T12:24:20","date_gmt":"2011-12-16T12:24:20","guid":{"rendered":"http:\/\/www.acegroup.at\/new\/?page_id=1014"},"modified":"2011-12-16T12:24:20","modified_gmt":"2011-12-16T12:24:20","slug":"solar-cooling-sector-socoset","status":"publish","type":"page","link":"https:\/\/www.acegroup.at\/en\/energiepolitische-beratung\/projekte\/solar-cooling-sector-socoset\/","title":{"rendered":"Solar Cooling Sector SoCoSet"},"content":{"rendered":"<p>Die Zielsetzung des Projekts umfasste die Erh\u00f6hung des Informationslevel \u00fcber Solare Klimaanlagen-Technologie und einen Beitrag zu einer zielorientierten Entwicklung des Solarklimaanlagen-Markts beizutragen. Die Umsetzung sollte durch eine sektorielle und geographische Herangehensweise erreicht werden, durch F\u00f6rderung von speziellen sozio-\u00f6konomischen, Markt-, Regulierungs-, Politik und institutionellen Ver\u00e4nderungen.\u00a0 SoCoSet arbeitet ebenfalls an der Erstellung einer Informationskampagne \u00fcber Solare Klimaanlagen und die Vorteile ihrer Anwendung.<\/p>\n<p>Im Rahmen des Programms wurden lokale Workshops abgehalten, um die Marktentwicklung voranzutreiben und jedem Partnerland detaillierte Anweisungen zukommen zu lassen, wie der Solarklimaanlagen-Markt aufgebaut und gest\u00e4rkt werden kann. Desweiteren wurden Informationen zur Beseitigung von Barrieren vermittelt, wie lokale Stakeholder involviert werden k\u00f6nnen und das Investitions- und Nachfragelevel erh\u00f6ht werden kann.\u00a0 Desweiteren geh\u00f6ren \u201eregionale SoCoSet-Landkarten\u201c zu den regionalen Action Plans, die auf Daten der Machbarkeitsstudien basieren und das Potential der verschiedenen Regionen und L\u00e4nder bez\u00fcglich Klima &#8211; und Marktaspekten veranschaulichen.<\/p>\n","protected":false},"excerpt":{"rendered":"<p>Die Zielsetzung des Projekts umfasste die Erh\u00f6hung des Informationslevel \u00fcber Solare Klimaanlagen-Technologie und einen Beitrag zu einer zielorientierten Entwicklung des Solarklimaanlagen-Markts beizutragen. Die Umsetzung sollte durch eine sektorielle und geographische Herangehensweise erreicht werden, durch F\u00f6rderung von speziellen sozio-\u00f6konomischen, Markt-, Regulierungs-, Politik und institutionellen Ver\u00e4nderungen.\u00a0 SoCoSet arbeitet ebenfalls an der Erstellung einer Informationskampagne \u00fcber Solare Klimaanlagen [&hellip;]<\/p>\n","protected":false},"author":1,"featured_media":801,"parent":82,"menu_order":0,"comment_status":"open","ping_status":"open","template":"projekt_detail.php","meta":{"footnotes":""},"class_list":["post-1014","page","type-page","status-publish","has-post-thumbnail","hentry"],"_links":{"self":[{"href":"https:\/\/www.acegroup.at\/en\/wp-json\/wp\/v2\/pages\/1014","targetHints":{"allow":["GET"]}}],"collection":[{"href":"https:\/\/www.acegroup.at\/en\/wp-json\/wp\/v2\/pages"}],"about":[{"href":"https:\/\/www.acegroup.at\/en\/wp-json\/wp\/v2\/types\/page"}],"author":[{"embeddable":true,"href":"https:\/\/www.acegroup.at\/en\/wp-json\/wp\/v2\/users\/1"}],"replies":[{"embeddable":true,"href":"https:\/\/www.acegroup.at\/en\/wp-json\/wp\/v2\/comments?post=1014"}],"version-history":[{"count":2,"href":"https:\/\/www.acegroup.at\/en\/wp-json\/wp\/v2\/pages\/1014\/revisions"}],"predecessor-version":[{"id":1896,"href":"https:\/\/www.acegroup.at\/en\/wp-json\/wp\/v2\/pages\/1014\/revisions\/1896"}],"up":[{"embeddable":true,"href":"https:\/\/www.acegroup.at\/en\/wp-json\/wp\/v2\/pages\/82"}],"wp:featuredmedia":[{"embeddable":true,"href":"https:\/\/www.acegroup.at\/en\/wp-json\/wp\/v2\/media\/801"}],"wp:attachment":[{"href":"https:\/\/www.acegroup.at\/en\/wp-json\/wp\/v2\/media?parent=1014"}],"curies":[{"name":"wp","href":"https:\/\/api.w.org\/{rel}","templated":true}]}}