{"id":17,"date":"2011-12-01T08:59:29","date_gmt":"2011-12-01T08:59:29","guid":{"rendered":"http:\/\/localhost\/acegroup_2011\/?page_id=17"},"modified":"2013-04-29T13:32:16","modified_gmt":"2013-04-29T13:32:16","slug":"projektliste","status":"publish","type":"page","link":"https:\/\/www.acegroup.at\/en\/projektliste\/","title":{"rendered":"Projectlist"},"content":{"rendered":"<p><\/p>\n<h2>Research &amp; Development<\/h2>\n<ul>\n<li>\u00a0<em>Begr\u00fcnungsplan f\u00fcr die Olympischen Spiele im Winter in SOCHI 2014, Russland, 2009<br \/>\n<\/em><\/li>\n<li><em>Beseitigung der Barrieren f\u00fcr die Energie-Effizienz in kommunaler W\u00e4rme- und Hei\u00dfwasser-Versorgung in Kasachstan, 2009<\/em><\/li>\n<li><em>\u00a0DEARSUN \u2013 Eine Solarw\u00e4rmanlage mit Hochtemperatur \u2013W\u00e4rmespeichern (FP7), 2008 \u2013fortlaufend<\/em><\/li>\n<li><em>\u00a0Verbesserung der Energie-Effizienz von Gemeindeheizungen und Warmwasserversorgung,Armenien, 2008 \u2013 2009<\/em><\/li>\n<li><em>\u00a0Aufbau der lokalen Kapazit\u00e4t f\u00fcr die F\u00f6rderung von Energie-Effizienz in privaten und\u00f6ffentlichen Geb\u00e4uden in Bulgarien, 2008<\/em><\/li>\n<li><em>\u00a0ISEES \u2013 Improving the Social Dialogue for Energy Efficient Social Housing, 2006 \u2013 2008<br \/>\n<\/em><\/li>\n<li><em>Verbesserung der Energie-Effizienz von Geb\u00e4uden in Kirgisistan, 2006 \u2013 2008<\/em><\/li>\n<li><em>\u00a0Unterst\u00fctzung der Einf\u00fchrung der EC-Direktive \u00fcber die Energie-Leistung in Geb\u00e4uden, FYR Mazedonien, 2005 \u2013 2006<\/em><\/li>\n<li><em>\u00a0LOCOSOC \u2013 Low-Energy and Low-Cost Social Housing for enlarged Europe, 2003 \u2013 2005<\/em><\/li>\n<li><em>\u00a0Solar-Warmwasser-Programm, Iran, 2004 \u2013 2008<\/em><\/li>\n<li><em>\u00a0Nachhaltige St\u00e4dterichtlinien, Madinat Al Arab, UE<\/em><\/li>\n<li><em>\u00a0SOCO7 \u2013 F\u00f6rderung von Solar-Klimaanlagen in S\u00fcdeuropa (FP7), 2007<\/em><\/li>\n<li><em>\u00a0SCIPS \u2013 Umsetzung einer Solar-Klimaanlage in S\u00fcdosteuropa (Intelligent Energy Europe), 2008<\/em><\/li>\n<li><em>\u00a0Energie-Effizienz-Programm f\u00fcr den \u00f6ffentlichen Raum, Ungarn 2009<\/em><\/li>\n<li><em>\u00a0Benutzerverhalten in Plabutsch, 1998<\/em><\/li>\n<li><em>\u00a0Brno, \u00f6kologische Sanierung von Plattenbauten<\/em><\/li>\n<\/ul>\n<p><em>\u00a0<\/em><\/p>\n<h2>Urban Development Projects<\/h2>\n<ul>\n<li><em>\u00a0Madinat Al Arab, UAE<\/em><\/li>\n<li><em>\u00a0CityScape Ajman, UAE 2008<\/em><\/li>\n<li><em>\u00a0Kademieh Gr\u00fcne Stadt, Bagdad<\/em><\/li>\n<li><em>\u00a0Nachhaltiges Wohnen, Amman University<\/em><\/li>\n<li><em>\u00a0Thalhammergut Mehrfamilienhaus, Salzburg Austria<\/em><\/li>\n<li><em>\u00a0Stadtentwicklung S\u00fcdost Graz, Austria<\/em><\/li>\n<li><em>\u00a0\u201eAutofreie Stadt\u201c, Bamberg, Germany<\/em><\/li>\n<li>\u201cZu Hause in der Stadt\u201d, Graz Austria<\/li>\n<li>\u201cK\u00e4lbernes Viertel\u201d, Graz Austria<\/li>\n<li>\u201cSturmplatz\u201d, Graz Austria<\/li>\n<li>\u201eH\u00fcgel-Entwicklung in den Emiraten\u201c, Dubai UAE<\/li>\n<li>\u201eSouks Wettbewerb\u201c, Beirut Lebanon<\/li>\n<\/ul>\n<p>&nbsp;<\/p>\n<h2>Hotels &amp; Tourism<\/h2>\n<ul>\n<li>\u00a0<em>Niedrigenergiehotel, Wien 15. Bezirk<br \/>\n<\/em><\/li>\n<li><em>Hotel Intercontinental Beach Resort, 1996 \u2013 2001, Agaba, Jordanien<br \/>\n<\/em><\/li>\n<li><em>Hotel Holiday Inn, 1996 \u2013 2000, Amman, Jordanien<\/em><\/li>\n<li>Mountain Hotel, Plabutsch, Graz<\/li>\n<li>Ananas Hotel**** \u2013 Wien<\/li>\n<li>Ansch\u00fctzgasse (PORR) Hotel \u2013 Wien<\/li>\n<li>Domino Suites Hotel \u2013 Ebreichsdorf<\/li>\n<li>Golf Hotel \u2013 Kaiserwinkl<\/li>\n<li>Grand Hotel Bohemia***** \u2013 Prag, Tschechische Republik<\/li>\n<li>Intercontinental Resort Hotel \u2013 Aqaba, Jordanien<\/li>\n<li>Marriott Hotel***** \u2013 Wien<\/li>\n<li>Marriott Hotel***** \u2013 Warschau, Polen<\/li>\n<li>Metropol Hotel**** \u2013 St. P\u00f6lten<\/li>\n<li>Mountain Hotel am Plabutsch**** \u2013 Graz<\/li>\n<li>M\u00f6venpick Hotel**** \u2013 Prag, Tschechische Republik<\/li>\n<li>Novotel Hotel \u2013 Wien<\/li>\n<li>Radisson Hotel***** \u2013 Sczeczin, Polen<\/li>\n<li>Ramada Hotel \u2013 Wien<\/li>\n<li>Sacher Hotel \u2013 Wien<\/li>\n<li>SAS Palais***** &#8211; Wien<\/li>\n<li>Scandic Crown Hotel**** \u2013 Wien<\/li>\n<li>Seniorenheim**** \u2013 Wien<\/li>\n<li>Steigenberger Hotel***** \u2013 Bad Waltersdorf<\/li>\n<li>Steigenberger Hotel***** \u2013 Bad Tatzmannsdorf<\/li>\n<li>Warmbad Villach Resort Hotel**** \u2013 Villach<\/li>\n<\/ul>\n<p>&nbsp;<\/p>\n<h2>Offices and Commercial Buildings<\/h2>\n<ul>\n<li>\u00a0<em>ACT Group B\u00fcros, Silber Tower, Dubai<br \/>\n<\/em><\/li>\n<li><em>Nike Multi-Gender Concept Store, Vienna<br \/>\n<\/em><\/li>\n<li><em>Swatch Shop, Wien und Salzburg<br \/>\n<\/em><\/li>\n<li><em>Tehran Mu (Wella), Tehran \/ Iran<br \/>\n<\/em><\/li>\n<li><em>Schenker B\u00fcros und Fabrikhallen, Wien<\/em><\/li>\n<li><em>\u00a0Gasometer A Mall, 1999<br \/>\n<\/em><\/li>\n<li><em>FC Wacker Fu\u00dfball Stadium<br \/>\n<\/em><\/li>\n<li><em>Knorr Bremse GmbH, M\u00f6dling<\/em><\/li>\n<li><em>\u00a0Owainati B\u00fcro-Center, Aman Jordanien<br \/>\n<\/em><\/li>\n<li><em>Schweizer Botschaft, Wien<\/em><\/li>\n<li><em>Shopping Center Hernals, Wien<\/em><\/li>\n<li>\u00a0Manal Co. Office, Bagdad<\/li>\n<li>\u00a0Citric Acid Factory, Marckolsheim, France<\/li>\n<li>Bolzano Free University, Bolzano, Italy<\/li>\n<li>\u00a0Austro Neutron Science Center, Vienna, Austria<\/li>\n<li>\u00a0Restaurant Artemis \u2013 K\u00e4rtnerringhof, Vienna, Austria<\/li>\n<li>\u00a0Multifunctional Center, Berlin, Germany<\/li>\n<li>\u00a0Dental Center, 20st District Vienna, Austria<\/li>\n<li>\u00a0Family Dental Center, Los Angeles, USA<\/li>\n<li>\u00a0COIA Cable Optic International, Production and Office Building, Jabal Ali, UAE<\/li>\n<li>\u00a0Office Building, Ortmansdorf<\/li>\n<li>\u00a0SCA, Hygiene Products Head Office, Vienna, Austria<\/li>\n<li>\u00a0Florida Plaza \u2013 Vienna, AUSTRIA<\/li>\n<li>\u00a0Twin Tower Wienerberg \u2013 Vienna, AUSTRIA<\/li>\n<\/ul>\n<p>&nbsp;<\/p>\n<h2>Banks<\/h2>\n<ul>\n<li><em>\u00a0Bank Austria Kreditanstalt Filiale, Wien 13. Bezirk<br \/>\n<\/em><\/li>\n<li><em>Bank Austria Kreditanstalt Filiale, Wien 10. Bezirk<br \/>\n<\/em><\/li>\n<li><em>Bank Austria Kreditanstalt Filiale, Wien 1. Bezirk<br \/>\n<\/em><\/li>\n<li><em>Bank Austria Kreditanstalt Filiale, Wien 19. Bezirk<br \/>\n<\/em><\/li>\n<li><em>Bank Austria Kreditanstalt Filiale, Wien 11. Bezirk<br \/>\n<\/em><\/li>\n<li><em>Bank Austria Kreditanstalt Filiale, Wien 16. Bezirk<br \/>\n<\/em><\/li>\n<li><em>Bank Austria Kreditanstalt Filiale, Wien 2. Bezirk<\/em><\/li>\n<li>Verwaltungsgeb\u00e4ude, Salzburger Sparkasse, Wettbewerb<\/li>\n<li>Zentralsparkasse, Wien 15. Bezirk<\/li>\n<li>Hypo Tirol Bank Filiale, Wien<\/li>\n<li>Zentralsparkasse Filiale, Wien 19. Bezirk<\/li>\n<li>Zentralsparkasse Filiale, Wien 15. Bezirk<\/li>\n<li>Zentralsparkasse Filiale, Purkersdorf, Wien<\/li>\n<li>Raiffeisenkasse Filiale, Poysdorf<\/li>\n<li>Zentralbank Jordan, Amman, Jordanien<\/li>\n<\/ul>\n<p>&nbsp;<\/p>\n<h2>Houses and Renovated Buildings<\/h2>\n<ul>\n<li><em>\u00a0SOS Kinderdorf Medl\u00e1nky, Brno, Tschechien, 2002 \u2013 2004<\/em><\/li>\n<li><em>\u00a0Modell-Sanierung eines Mehrfamilien-Hochhauses, Brno, Tschechien, 2002 \u2013 2004<br \/>\n<\/em><\/li>\n<li><em>Penthouse-Erweiterung Kaiserstrasse, Wien<br \/>\n<\/em><\/li>\n<li><em>Mehrfamilienhaus \u201cMurfelderstrasse\u201d, Graz, 2002 \u2013 2005<br \/>\n<\/em><\/li>\n<li><em>Solarsiedlung am Plabutsch, Graz, 1990 \u2013 1999<\/em><\/li>\n<\/ul>\n<p>&nbsp;<\/p>\n<h2>Smaller Buildings<\/h2>\n<ul>\n<li>\u00a0<em>Manal Co B\u00fcros, Bagdad<br \/>\n<\/em><\/li>\n<li><em>Wohnhaus \u201cSalierigasse\u201d, 18. Bezirk Wien<br \/>\n<\/em><\/li>\n<li><em>Niedrigenergiehaus \u201cSarah\u201d, Ganderkesee, Deutschland<br \/>\n<\/em><\/li>\n<li><em>Penthouse Apartment \u201cSchulgasse\u201d, 18. Bezirk Wien<br \/>\n<\/em><\/li>\n<li><em>Penthouse Addition \u201cW\u00e4hriger Str.\u201d, 18. Bezirk Wien<br \/>\n<\/em><\/li>\n<li><em>1-Familienhaus \u201cKerbelstr.\u201d, 14. Bezirk Wien<br \/>\n<\/em><\/li>\n<li><em>1-Familienhaus<\/em> \u201cD\u00fcrwaringer Str.2\u201d, 18. Bezirk Wien<\/li>\n<li>Wohnanlage \u201eR\u00f6sslergasse\u201c, Graz<\/li>\n<li>\u00d6kologisches 1-Familienhaus, Wien<\/li>\n<li>Solarhaus, Schierbrock<\/li>\n<li>Multifunktionale Residenz, Kirchberg<\/li>\n<li>Hauserweiterung, Wien 13. Bezirk<\/li>\n<li>Wochenendhaus, Altm\u00fcnster, \u00d6sterreich<\/li>\n<li>1-Familienhaus des Schweizer Botschafters, Wien<\/li>\n<li>Wohn- und B\u00fcrokomplex inklusive Arztpraxis, Rosenburg, \u00d6sterreich<\/li>\n<li>Schwimmhalle \u201cStadionbad\u201d, Hannover, Deutschland<\/li>\n<li>Zentrale Schwimmhalle, D\u00fcsseldorf, Deutschland<\/li>\n<li>\u00a0Geschlossene Schwimmhalle, Marbach, Deutschland<\/li>\n<li>Geschlossene Schwimmhalle mit Au\u00dfenpool, Neukirchen, \u00d6sterreich<\/li>\n<li>Geschlossene Schwimmhalle, N\u00fcrnberg, Deutschland<\/li>\n<li>Sanierung eines Innenpools, Steyr, \u00d6sterreich<\/li>\n<li>\u00a0Erholungshalle, Purkersdorf, \u00d6sterreich<\/li>\n<\/ul>\n<p>&nbsp;<\/p>\n<h2>Public Buildings<\/h2>\n<ul>\n<li>\u00a0<em>Passivhaus Kindergarten, Wien 22. Bezirk<\/em><\/li>\n<li><em>\u00a0Professionelle Sekundarstufe und Handelsschule, Horn, Austria<\/em><\/li>\n<li><em>\u00a0Kirche Maria Loretto, Wien<\/em><\/li>\n<li><em>\u00a0Bundesbau Fassade, Wien<\/em><\/li>\n<li>\u00a0H\u00f6here Oberstufe, Gerasdorf, Wien<\/li>\n<li>\u00a0Grundschule Prandauergasse, Wien<\/li>\n<li>\u00a0Grundschule und Sekundarschule, M\u00fcnchen, Deutschland<\/li>\n<li>\u00a0Grundschule Kastenlangen, Vorarlberg, \u00d6sterreich<\/li>\n<li>\u00a0Tourismusschule, Villach, Wettbewerb 3. Platz<\/li>\n<li>\u00a0Mittelschule, Langobardenstrasse, Wien<\/li>\n<li>\u00a0Gemeindegeb\u00e4ude, Bregenz<\/li>\n<li>\u00a0Schulzentrum, \u201cSolarstadt\u201d, Linz, \u00d6sterreich<\/li>\n<li>\u00a0Schweizer Botschaft, Wien<\/li>\n<li>\u00a0Kindergarten f\u00fcr Bank Austria Mitarbeiter, Wien<\/li>\n<li>\u00a0Postfiliale, Wien 18. Bezirk<\/li>\n<li>\u00a0Kirchengemeinde Maria Loretto, Wien<\/li>\n<li>\u00a0Arsenal Museum, Wien<\/li>\n<li>\u00a0Anton Proksch Institut, Wien<\/li>\n<li>\u00a0Feuerwehrgeb\u00e4ude, M\u00f6dling<\/li>\n<li>\u00a0Bodenkultur-Universit\u00e4t, Wien<\/li>\n<li>\u00a0Gemeindegeb\u00e4ude, Gablitz, \u00d6sterreich<\/li>\n<\/ul>\n<p>&nbsp;<\/p>\n<h2>Industrial Buildings<\/h2>\n<ul>\n<li><em>\u00a0ETECH Elektrotechnik GmbH &amp; Co KG B\u00fcros und Lagerhallen, Linz<\/em><\/li>\n<li><em>\u00a0Sicherheitstor im Vienna International Center, Wien<\/em><\/li>\n<li><em>\u00a0Logistikzentrum, Belgrad, Serbien<\/em><\/li>\n<li><em>\u00a0Errichtung Hochregallager Weiss-Logistik-Center GmbH<\/em><\/li>\n<li><em>\u00a0Zustellbasen f\u00fcr Post AG<\/em><\/li>\n<li>\u00a0Druckerzentrum f\u00fcr Mediaprint, Wien<\/li>\n<li>\u00a0Taschentuch-Fabrik, Ortmann, \u00d6sterreich<\/li>\n<li>\u00a0Wastewarer Plant, Marckolsheim, Frankreich<\/li>\n<li>\u00a0Telekommunikationsb\u00fcro, Baden-Leesdorf, Deutschland<\/li>\n<li>\u00a0Telekommunikationsb\u00fcro, Neukirchen, \u00d6sterreich<\/li>\n<li>\u00a0Alucenter, Wien<\/li>\n<li>\u00a0Castrol-Geb\u00e4ude, Wiener-Neudorf, \u00d6sterreich<\/li>\n<li>\u00a0Cincinnati-Milacron-Geb\u00e4ude, Wien<\/li>\n<li>\u00a0Citroen-Geb\u00e4ude, Wien 23. Bezirk<\/li>\n<li>\u00a0Gazelle Geb\u00e4ude, Wien 16. Bezirk<\/li>\n<li>\u00a0Gerstinger Geb\u00e4ude, Wien 21. Bezirk<\/li>\n<li>\u00a0Kaindl-Geb\u00e4ude, Wien 21. Bezirk<\/li>\n<li>\u00a0\u00d6AMTC-Geb\u00e4ude, Wien 15. Bezirk<\/li>\n<li>\u00a0Ottakringer Brauerei, Wien<\/li>\n<li>\u00a0Underberger Geb\u00e4ude, Wien<\/li>\n<li>\u00a0Austron Forschungszentrum, Wien<\/li>\n<li>\u00a0Toyota Frey, Wien<\/li>\n<li>\u00a0Papierherstellung, Ortmann, Nieder\u00f6sterreich<\/li>\n<li>\u00a0Papierherstellung, Laakirchen, Nieder\u00f6sterreich<\/li>\n<\/ul>\n<p>&nbsp;<\/p>\n<h2>Workshops and Conferences<\/h2>\n<ul>\n<li>\u00a0<em>Konferenz \u00fcber Energiesparma\u00dfnahmen in historisch wertvollen Geb\u00e4uden, Prag 2010<\/em><\/li>\n<li><em>\u00a0CESB10 \u2013 Zentraleuropa auf dem Weg zu nachhaltigen Geb\u00e4uden, Prag 2010<\/em><\/li>\n<li><em>\u00a0EuroSun 2010 \u2013 Internationale Konferenz \u00fcber Solarw\u00e4rme, Klimaanlagen und Geb\u00e4ude,Graz 2010<\/em><\/li>\n<li><em>\u00a0IRAK Solarenergie-Konferenz, 2009<\/em><\/li>\n<li><em>\u00a0Dritte Internationale St\u00e4dteplanungs-Konferenz, Amman, 2009<\/em><\/li>\n<li><em>\u00a0Gr\u00fcne Bebauung Workshop, Russland, 2009<\/em><\/li>\n<li><em>\u00a0Europa und CIS Umwelt und Energie-Gemeinschaft Praxis-Workshop, Bratislava 2009<\/em><\/li>\n<li><em>\u00a0Solarenergie in Kontinentalkroatien, Zagreb 2008<\/em><\/li>\n<li><em>\u00a0Entwicklung eines kostensparenden Kollektors unter der Verwendung von Materialien, Iran 2008<\/em><\/li>\n<li><em>\u00a0Europ\u00e4ische Konferenz und Kooperationsaustausch \u00fcber Nachhaltige Energiesysteme f\u00fcr Geb\u00e4ude und Regionen, Wien 2005<\/em><\/li>\n<li><em>\u00a04. Kongress der Energiekonservierung in Geb\u00e4uden &amp; Erneuerbare Energien, Iran 2005<\/em><\/li>\n<li><em>\u00a0Baltische Konferenz \u00fcber die Energie-Effizienz-Leistung in Geb\u00e4uden, Lettland, 2004<\/em><\/li>\n<li><em>\u00a0Internationale Konferenz \u00fcber Nachhaltige Geb\u00e4ude und Solarenergie, Brno 2001<\/em><\/li>\n<li><em>\u00a0Zehntes Europ\u00e4isches Symposium \u00fcber \u00d6kologischen Bau, Wien 2001<\/em><\/li>\n<li><em>\u00a0\u00d6sterreichtage der Energieeffizienz und Erneuerbaren Energien, Kiew 2001<\/em><\/li>\n<li><em>\u00a0Neuntes Symposium \u00fcber Thermale Solarenergie, Deutschland 1999<\/em><\/li>\n<li><em>\u00a0Haustec Internationale Handelsmesse \u00fcber Heizen, Klimaanlagen und Sanit\u00e4re Anlagen, Salzburg 1999<\/em><\/li>\n<li><em>\u00a0Anwohnerverhalten Plabutsch, \u00d6sterreich 1999<\/em><\/li>\n<\/ul>\n<p><\/p>","protected":false},"excerpt":{"rendered":"<p>Research &amp; Development \u00a0Begr\u00fcnungsplan f\u00fcr die Olympischen Spiele im Winter in SOCHI 2014, Russland, 2009 Beseitigung der Barrieren f\u00fcr die Energie-Effizienz in kommunaler W\u00e4rme- und Hei\u00dfwasser-Versorgung in Kasachstan, 2009 \u00a0DEARSUN \u2013 Eine Solarw\u00e4rmanlage mit Hochtemperatur \u2013W\u00e4rmespeichern (FP7), 2008 \u2013fortlaufend \u00a0Verbesserung der Energie-Effizienz von Gemeindeheizungen und Warmwasserversorgung,Armenien, 2008 \u2013 2009 \u00a0Aufbau der lokalen Kapazit\u00e4t f\u00fcr die [&hellip;]<\/p>\n","protected":false},"author":1,"featured_media":2483,"parent":0,"menu_order":6,"comment_status":"open","ping_status":"open","template":"subpages.php","meta":{"footnotes":""},"class_list":["post-17","page","type-page","status-publish","has-post-thumbnail","hentry"],"_links":{"self":[{"href":"https:\/\/www.acegroup.at\/en\/wp-json\/wp\/v2\/pages\/17","targetHints":{"allow":["GET"]}}],"collection":[{"href":"https:\/\/www.acegroup.at\/en\/wp-json\/wp\/v2\/pages"}],"about":[{"href":"https:\/\/www.acegroup.at\/en\/wp-json\/wp\/v2\/types\/page"}],"author":[{"embeddable":true,"href":"https:\/\/www.acegroup.at\/en\/wp-json\/wp\/v2\/users\/1"}],"replies":[{"embeddable":true,"href":"https:\/\/www.acegroup.at\/en\/wp-json\/wp\/v2\/comments?post=17"}],"version-history":[{"count":11,"href":"https:\/\/www.acegroup.at\/en\/wp-json\/wp\/v2\/pages\/17\/revisions"}],"predecessor-version":[{"id":2497,"href":"https:\/\/www.acegroup.at\/en\/wp-json\/wp\/v2\/pages\/17\/revisions\/2497"}],"wp:featuredmedia":[{"embeddable":true,"href":"https:\/\/www.acegroup.at\/en\/wp-json\/wp\/v2\/media\/2483"}],"wp:attachment":[{"href":"https:\/\/www.acegroup.at\/en\/wp-json\/wp\/v2\/media?parent=17"}],"curies":[{"name":"wp","href":"https:\/\/api.w.org\/{rel}","templated":true}]}}