{"id":9,"date":"2011-12-01T08:55:15","date_gmt":"2011-12-01T08:55:15","guid":{"rendered":"http:\/\/localhost\/acegroup_2011\/?page_id=9"},"modified":"2013-04-29T13:31:32","modified_gmt":"2013-04-29T13:31:32","slug":"leistungsumfang","status":"publish","type":"page","link":"https:\/\/www.acegroup.at\/en\/profil\/leistungsumfang\/","title":{"rendered":"Scope of Services"},"content":{"rendered":"<p>Unser Service umfasst alle n\u00f6tigen Schritte eines Projekts \u2013 von Design \u00fcber Consulting \u2013 bis<br \/>\nhin zur Bauleitung:<\/p>\n<ul>\n<li>Konzept und Entwurf, Detailplanung<\/li>\n<li>Machbarkeitsstudien, Wirtschaftlichkeitsstudien, Umweltvertr\u00e4glichkeitsstudien<\/li>\n<li>Bewilligungsverfahren,\u00a0 Gutachtert\u00e4tigkeit, Vertragsentwurf<\/li>\n<li>Ausschreibung, Vergabevorbereitung, Instandhaltungsanleitung<\/li>\n<li>Projektmanagement, Begleitende Kontrolle, \u00d6rtliche Bauaufsicht<\/li>\n<\/ul>\n<p>&nbsp;<\/p>\n<h3>Nachhaltige Architektur:<\/h3>\n<ul>\n<li>Green Masterpl\u00e4ne<\/li>\n<li>\u00d6kologischer St\u00e4dtebau<\/li>\n<li>Energieeffizienter Wohnbau<\/li>\n<li>\u00d6kologische Sanierung<\/li>\n<li>Emissionsarme Logistik- und Industriebauten<\/li>\n<li>B\u00fcro- und Gesch\u00e4ftsbauten<\/li>\n<li>Energieeffiziente \u00d6ffentliche Geb\u00e4ude<\/li>\n<li>Nachhaltige Tourismusanlagen<\/li>\n<\/ul>\n<p>&nbsp;<\/p>\n<h3>\u00d6kologisches Ingenieurswesen:<\/h3>\n<ul>\n<li>Statik<\/li>\n<li>Haustechnik<\/li>\n<li>Bauphysik<\/li>\n<li>Akustik<\/li>\n<li>Sicherheitstechnik<\/li>\n<li>Regional- und Stadtplanung<\/li>\n<li>Landschaftsplanung<\/li>\n<li>Infrastruktur<\/li>\n<li>Umwelttechnik<\/li>\n<li>Verkehrsplanung<\/li>\n<li>Bauaufsicht<\/li>\n<li>Energieausweis<\/li>\n<li>Umweltfreundliche Beschaffung<\/li>\n<\/ul>\n<p>&nbsp;<\/p>\n<h3>Forschung &amp; Entwicklung:<\/h3>\n<ul>\n<li>Solarthermie- und PV-Technologie<\/li>\n<li>W\u00e4rmespeicher- und Kontrolltechnik<\/li>\n<li>Nutzerverhalten in Niedrigenergiebauten<\/li>\n<li>Energie- und Umweltmanagement-Studien<\/li>\n<li>Null-Emissions-St\u00e4dte<\/li>\n<li>\u00d6kologische Revitalisierung<\/li>\n<li>Niedrigenergie- und Passivhaus-Technologien<\/li>\n<li>Energieeffizienter sozialer Wohnbau<\/li>\n<\/ul>\n<p>&nbsp;<\/p>\n<h3>Energiepolitische Beratung:<\/h3>\n<ul>\n<li>Internationale erneuerbare Energie-M\u00e4rkte<\/li>\n<li>Energieeffizienz-Zertifizierung<\/li>\n<li>Energieklassen-Kennzeichnung<\/li>\n<li>F\u00f6rderprogramme<\/li>\n<li>Baurichtlinien und Standards<\/li>\n<li>Energieeffizienz-Ma\u00dfnahmen<\/li>\n<li>Implementierung von Pilotprojekten<\/li>\n<li>Schulung in energieeffizientem Bauwesen<\/li>\n<li>Wirtschaflichkeitsberechnungen<\/li>\n<li>Energiepreispolitik und F\u00f6rderma\u00dfnahmen<\/li>\n<li>Internationale bew\u00e4hrte Verfahren<\/li>\n<\/ul>\n<p><\/p>","protected":false},"excerpt":{"rendered":"<p>Unser Service umfasst alle n\u00f6tigen Schritte eines Projekts \u2013 von Design \u00fcber Consulting \u2013 bis hin zur Bauleitung: Konzept und Entwurf, Detailplanung Machbarkeitsstudien, Wirtschaftlichkeitsstudien, Umweltvertr\u00e4glichkeitsstudien Bewilligungsverfahren,\u00a0 Gutachtert\u00e4tigkeit, Vertragsentwurf Ausschreibung, Vergabevorbereitung, Instandhaltungsanleitung Projektmanagement, Begleitende Kontrolle, \u00d6rtliche Bauaufsicht &nbsp; Nachhaltige Architektur: Green Masterpl\u00e4ne \u00d6kologischer St\u00e4dtebau Energieeffizienter Wohnbau \u00d6kologische Sanierung Emissionsarme Logistik- und Industriebauten B\u00fcro- und Gesch\u00e4ftsbauten Energieeffiziente [&hellip;]<\/p>\n","protected":false},"author":1,"featured_media":2483,"parent":5,"menu_order":0,"comment_status":"open","ping_status":"open","template":"","meta":{"footnotes":""},"class_list":["post-9","page","type-page","status-publish","has-post-thumbnail","hentry"],"_links":{"self":[{"href":"https:\/\/www.acegroup.at\/en\/wp-json\/wp\/v2\/pages\/9","targetHints":{"allow":["GET"]}}],"collection":[{"href":"https:\/\/www.acegroup.at\/en\/wp-json\/wp\/v2\/pages"}],"about":[{"href":"https:\/\/www.acegroup.at\/en\/wp-json\/wp\/v2\/types\/page"}],"author":[{"embeddable":true,"href":"https:\/\/www.acegroup.at\/en\/wp-json\/wp\/v2\/users\/1"}],"replies":[{"embeddable":true,"href":"https:\/\/www.acegroup.at\/en\/wp-json\/wp\/v2\/comments?post=9"}],"version-history":[{"count":10,"href":"https:\/\/www.acegroup.at\/en\/wp-json\/wp\/v2\/pages\/9\/revisions"}],"predecessor-version":[{"id":208,"href":"https:\/\/www.acegroup.at\/en\/wp-json\/wp\/v2\/pages\/9\/revisions\/208"}],"up":[{"embeddable":true,"href":"https:\/\/www.acegroup.at\/en\/wp-json\/wp\/v2\/pages\/5"}],"wp:featuredmedia":[{"embeddable":true,"href":"https:\/\/www.acegroup.at\/en\/wp-json\/wp\/v2\/media\/2483"}],"wp:attachment":[{"href":"https:\/\/www.acegroup.at\/en\/wp-json\/wp\/v2\/media?parent=9"}],"curies":[{"name":"wp","href":"https:\/\/api.w.org\/{rel}","templated":true}]}}